{"id":1395,"date":"2018-02-05T12:58:53","date_gmt":"2018-02-05T16:58:53","guid":{"rendered":"http:\/\/gpjulioandrade.gob.ec\/carchi\/?page_id=1395"},"modified":"2018-03-28T23:56:11","modified_gmt":"2018-03-29T03:56:11","slug":"fases-2","status":"publish","type":"page","link":"https:\/\/gpjulioandrade.gob.ec\/carchi\/?page_id=1395","title":{"rendered":"Fases"},"content":{"rendered":"[\/vc_wp_text][\/vc_accordion_tab][vc_accordion_tab title=&#8221;Fase 1&#8243;][vc_wp_text]\n<h3>FASE 1:<\/h3>\n<ul>\n<li>\n<h3>Mapeo de actores<\/h3>\n<p><a href=\"http:\/\/gpjulioandrade.gob.ec\/carchi\/wp-content\/uploads\/2018\/02\/entrega-de-informaci\u00f3n-al-CPCCS-de-J.A.pdf\">entrega de informaci\u00f3n al CPCCS de J.A<\/a><\/li>\n<li>\n<h3>Consulta<\/h3>\n<\/li>\n<li>\n<h3>Entrega de temas al GAD<\/h3>\n<\/li>\n<\/ul>\n<p><a href=\"http:\/\/gpjulioandrade.gob.ec\/carchi\/wp-content\/uploads\/2018\/02\/Solicitud-del-CPCCS-de-julio-Andrade.pdf\">Solicitud del CPCCS de julio Andrade<\/a><\/p>\n[\/vc_wp_text][\/vc_accordion_tab][vc_accordion_tab title=&#8221;Fase 2&#8243;][vc_wp_text]\n<h3>FASE 2:<\/h3>\n<ul>\n<li>\n<h3>Seguimiento a la entrega del informe a la ciudadan\u00eda<\/h3>\n<\/li>\n<\/ul>\n<p><a href=\"http:\/\/gpjulioandrade.gob.ec\/carchi\/wp-content\/uploads\/2018\/02\/Respuestas-al-CPCCS-de-J.A.pdf\">Respuestas al CPCCS de J.A<\/a><\/p>\n[\/vc_wp_text][\/vc_accordion_tab][vc_accordion_tab title=&#8221;Fase 3&#8243;][vc_wp_text]\n<h3>FASE 3:<\/h3>\n<ul>\n<li>\n<h3>Evaluaci\u00f3n ciudadana al informe de rendici\u00f3n de cuentas<\/h3>\n<\/li>\n<\/ul>\n<p><a href=\"http:\/\/gpjulioandrade.gob.ec\/carchi\/wp-content\/uploads\/2018\/02\/Solicitud-de-observaciones-al-CPCCS-J.A.pdf\">Solicitud de observaciones al CPCCS J.A<\/a><\/p>\n<ul>\n<li>\n<h3>Seguimiento al proceso de convocatoria a la deliberaci\u00f3n p\u00fablica<\/h3>\n<\/li>\n<\/ul>\n<p><a href=\"http:\/\/gpjulioandrade.gob.ec\/carchi\/wp-content\/uploads\/2015\/10\/INVITACI\u00d3N-RENDICI\u00d3N-DE-CUENTAS-20151.jpg\"><img fetchpriority=\"high\" decoding=\"async\" class=\"alignnone size-medium wp-image-638\" src=\"http:\/\/gpjulioandrade.gob.ec\/carchi\/wp-content\/uploads\/2015\/10\/INVITACI\u00d3N-RENDICI\u00d3N-DE-CUENTAS-20151-218x300.jpg\" alt=\"INVITACI\u00d3N RENDICI\u00d3N DE CUENTAS 2015\" width=\"218\" height=\"300\" data-id=\"638\" srcset=\"https:\/\/gpjulioandrade.gob.ec\/carchi\/wp-content\/uploads\/2015\/10\/INVITACI\u00d3N-RENDICI\u00d3N-DE-CUENTAS-20151-218x300.jpg 218w, https:\/\/gpjulioandrade.gob.ec\/carchi\/wp-content\/uploads\/2015\/10\/INVITACI\u00d3N-RENDICI\u00d3N-DE-CUENTAS-20151.jpg 700w\" sizes=\"(max-width: 218px) 100vw, 218px\" \/><\/a><\/p>\n<p><a href=\"http:\/\/gpjulioandrade.gob.ec\/carchi\/wp-content\/uploads\/2018\/02\/Convocatorias-Redes-Sociales.pdf\">Convocatorias Redes Sociales<\/a><\/p>\n<ul>\n<li>\n<h3>Participaci\u00f3n en la deliberaci\u00f3n p\u00fablica<\/h3>\n<\/li>\n<\/ul>\n<p><a href=\"http:\/\/gpjulioandrade.gob.ec\/carchi\/wp-content\/uploads\/2017\/05\/1-RENDICI\u00d3N-DE-CUENTAS-2016-INSTITUCIONAL.pdf\">1 RENDICI\u00d3N DE CUENTAS 2016 INSTITUCIONAL<\/a><\/p>\n<p><a href=\"http:\/\/gpjulioandrade.gob.ec\/carchi\/wp-content\/uploads\/2017\/05\/RENDICI\u00d3N-DE-CUENTAS-2016-PRESI-ANEXO-PRESUPUESTO.pptx\">RENDICI\u00d3N DE CUENTAS 2016 PRESI ANEXO PRESUPUESTO<\/a><\/p>\n<p><a href=\"http:\/\/gpjulioandrade.gob.ec\/carchi\/wp-content\/uploads\/2017\/05\/REVISTA-RENDICI\u00d3N-DE-CUENTAS-2016.pdf\">REVISTA RENDICI\u00d3N DE CUENTAS 2016<\/a><\/p>\n<p><a href=\"http:\/\/gpjulioandrade.gob.ec\/carchi\/wp-content\/uploads\/2017\/05\/AGENDA-EVENTO-RENDICI\u00d3N-DE-CUENTAS-2016.pdf\">AGENDA EVENTO RENDICI\u00d3N DE CUENTAS 2016<\/a><\/p>\n<p><a href=\"http:\/\/gpjulioandrade.gob.ec\/carchi\/wp-content\/uploads\/2017\/05\/INVITACI\u00d3N-RENDICI\u00d3N-DE-CUENTAS-2016.pdf\">INVITACI\u00d3N RENDICI\u00d3N DE CUENTAS 2016<\/a><\/p>\n<p><a href=\"http:\/\/gpjulioandrade.gob.ec\/carchi\/wp-content\/uploads\/2017\/05\/registro-de-entrega-de-invitaciones-acto-de-Rendici\u00f3n-de-Cuentas-2016.pdf\">registro de entrega de invitaciones acto de Rendici\u00f3n de Cuentas 2016<\/a><\/p>\n<p><a href=\"http:\/\/gpjulioandrade.gob.ec\/carchi\/wp-content\/uploads\/2017\/05\/REGISTRO-DE-ASISTENCIA-A-EVENTO-DE-RENDICI\u00d3N-DE-CUENTAS-2016.pdf\">REGISTRO DE ASISTENCIA A EVENTO DE RENDICI\u00d3N DE CUENTAS 2016<\/a><\/p>\n<ul>\n<li>\n<h3>Mesas de Trabajo<\/h3>\n<p>NO APLICA PORQUE LA METODOLOG\u00cdA DE RENDICI\u00d3N DE CUENTAS EN EL EVENTO DEL GAD PARROQUIAL DE JULIO ANDRADE NO SE ADOPT\u00d3 DICHO MECANISMO<\/li>\n<\/ul>\n[\/vc_wp_text][\/vc_accordion_tab][vc_accordion_tab title=&#8221;Fase 4&#8243;][vc_wp_text]\n<h3>FASE 4:<\/h3>\n<ul>\n<li>\n<h3>Seguimiento a la incorporaci\u00f3n de la opini\u00f3n ciudadana<\/h3>\n<\/li>\n<\/ul>\n<p><a href=\"http:\/\/gpjulioandrade.gob.ec\/carchi\/wp-content\/uploads\/2017\/05\/ENCUESTAS-DE-LA-CIUDADAN\u00cdA.pdf\">ENCUESTAS DE LA CIUDADAN\u00cdA<\/a><\/p>\n[\/vc_wp_text][\/vc_accordion_tab][\/vc_accordion][vc_column_text][\/vc_column_text][\/vc_column][\/vc_row]\n","protected":false},"excerpt":{"rendered":"<p>[\/vc_wp_text][\/vc_accordion_tab][vc_accordion_tab title=&#8221;Fase 1&#8243;][vc_wp_text] FASE 1: Mapeo de actores entrega de informaci\u00f3n al CPCCS de J.A Consulta Entrega de temas al GAD Solicitud del CPCCS de julio Andrade [\/vc_wp_text][\/vc_accordion_tab][vc_accordion_tab title=&#8221;Fase 2&#8243;][vc_wp_text] FASE 2: Seguimiento a la entrega del informe a la ciudadan\u00eda Respuestas al CPCCS de J.A [\/vc_wp_text][\/vc_accordion_tab][vc_accordion_tab title=&#8221;Fase 3&#8243;][vc_wp_text] FASE 3: Evaluaci\u00f3n ciudadana al informe [&hellip;]<\/p>\n","protected":false},"author":6,"featured_media":0,"parent":0,"menu_order":0,"comment_status":"closed","ping_status":"closed","template":"","meta":{"footnotes":""},"class_list":["post-1395","page","type-page","status-publish","hentry"],"yoast_head":"<!-- This site is optimized with the Yoast SEO plugin v27.3 - https:\/\/yoast.com\/product\/yoast-seo-wordpress\/ -->\n<title>Fases - GAD Parroquial de Julio Andrade<\/title>\n<meta name=\"robots\" content=\"index, follow, max-snippet:-1, max-image-preview:large, max-video-preview:-1\" \/>\n<link rel=\"canonical\" href=\"https:\/\/gpjulioandrade.gob.ec\/carchi\/?page_id=1395\" \/>\n<meta property=\"og:locale\" content=\"es_ES\" \/>\n<meta property=\"og:type\" content=\"article\" \/>\n<meta property=\"og:title\" content=\"Fases - GAD Parroquial de Julio Andrade\" \/>\n<meta property=\"og:description\" content=\"[\/vc_wp_text][\/vc_accordion_tab][vc_accordion_tab title=&#8221;Fase 1&#8243;][vc_wp_text] FASE 1: Mapeo de actores entrega de informaci\u00f3n al CPCCS de J.A Consulta Entrega de temas al GAD Solicitud del CPCCS de julio Andrade [\/vc_wp_text][\/vc_accordion_tab][vc_accordion_tab title=&#8221;Fase 2&#8243;][vc_wp_text] FASE 2: Seguimiento a la entrega del informe a la ciudadan\u00eda Respuestas al CPCCS de J.A [\/vc_wp_text][\/vc_accordion_tab][vc_accordion_tab title=&#8221;Fase 3&#8243;][vc_wp_text] FASE 3: Evaluaci\u00f3n ciudadana al informe [&hellip;]\" \/>\n<meta property=\"og:url\" content=\"https:\/\/gpjulioandrade.gob.ec\/carchi\/?page_id=1395\" \/>\n<meta property=\"og:site_name\" content=\"GAD Parroquial de Julio Andrade\" \/>\n<meta property=\"article:modified_time\" content=\"2018-03-29T03:56:11+00:00\" \/>\n<meta property=\"og:image\" content=\"http:\/\/gpjulioandrade.gob.ec\/carchi\/wp-content\/uploads\/2015\/10\/INVITACI\u00d3N-RENDICI\u00d3N-DE-CUENTAS-20151-218x300.jpg\" \/>\n<meta name=\"twitter:card\" content=\"summary_large_image\" \/>\n<meta name=\"twitter:label1\" content=\"Tiempo de lectura\" \/>\n\t<meta name=\"twitter:data1\" content=\"1 minuto\" \/>\n<script type=\"application\/ld+json\" class=\"yoast-schema-graph\">{\"@context\":\"https:\\\/\\\/schema.org\",\"@graph\":[{\"@type\":\"WebPage\",\"@id\":\"https:\\\/\\\/gpjulioandrade.gob.ec\\\/carchi\\\/?page_id=1395\",\"url\":\"https:\\\/\\\/gpjulioandrade.gob.ec\\\/carchi\\\/?page_id=1395\",\"name\":\"Fases - GAD Parroquial de Julio Andrade\",\"isPartOf\":{\"@id\":\"https:\\\/\\\/gpjulioandrade.gob.ec\\\/carchi\\\/#website\"},\"datePublished\":\"2018-02-05T16:58:53+00:00\",\"dateModified\":\"2018-03-29T03:56:11+00:00\",\"breadcrumb\":{\"@id\":\"https:\\\/\\\/gpjulioandrade.gob.ec\\\/carchi\\\/?page_id=1395#breadcrumb\"},\"inLanguage\":\"es\",\"potentialAction\":[{\"@type\":\"ReadAction\",\"target\":[\"https:\\\/\\\/gpjulioandrade.gob.ec\\\/carchi\\\/?page_id=1395\"]}]},{\"@type\":\"BreadcrumbList\",\"@id\":\"https:\\\/\\\/gpjulioandrade.gob.ec\\\/carchi\\\/?page_id=1395#breadcrumb\",\"itemListElement\":[{\"@type\":\"ListItem\",\"position\":1,\"name\":\"Home\",\"item\":\"https:\\\/\\\/gpjulioandrade.gob.ec\\\/carchi\\\/\"},{\"@type\":\"ListItem\",\"position\":2,\"name\":\"Fases\"}]},{\"@type\":\"WebSite\",\"@id\":\"https:\\\/\\\/gpjulioandrade.gob.ec\\\/carchi\\\/#website\",\"url\":\"https:\\\/\\\/gpjulioandrade.gob.ec\\\/carchi\\\/\",\"name\":\"GAD Parroquial de Julio Andrade\",\"description\":\"Sitio Oficial del GAD Parroquial Julio Andrade Carchi\",\"publisher\":{\"@id\":\"https:\\\/\\\/gpjulioandrade.gob.ec\\\/carchi\\\/#organization\"},\"potentialAction\":[{\"@type\":\"SearchAction\",\"target\":{\"@type\":\"EntryPoint\",\"urlTemplate\":\"https:\\\/\\\/gpjulioandrade.gob.ec\\\/carchi\\\/?s={search_term_string}\"},\"query-input\":{\"@type\":\"PropertyValueSpecification\",\"valueRequired\":true,\"valueName\":\"search_term_string\"}}],\"inLanguage\":\"es\"},{\"@type\":\"Organization\",\"@id\":\"https:\\\/\\\/gpjulioandrade.gob.ec\\\/carchi\\\/#organization\",\"name\":\"GAD Parroquial de Julio Andrade\",\"url\":\"https:\\\/\\\/gpjulioandrade.gob.ec\\\/carchi\\\/\",\"logo\":{\"@type\":\"ImageObject\",\"inLanguage\":\"es\",\"@id\":\"https:\\\/\\\/gpjulioandrade.gob.ec\\\/carchi\\\/#\\\/schema\\\/logo\\\/image\\\/\",\"url\":\"https:\\\/\\\/gpjulioandrade.gob.ec\\\/carchi\\\/wp-content\\\/uploads\\\/2020\\\/07\\\/logoFooterAncho.png\",\"contentUrl\":\"https:\\\/\\\/gpjulioandrade.gob.ec\\\/carchi\\\/wp-content\\\/uploads\\\/2020\\\/07\\\/logoFooterAncho.png\",\"width\":220,\"height\":70,\"caption\":\"GAD Parroquial de Julio Andrade\"},\"image\":{\"@id\":\"https:\\\/\\\/gpjulioandrade.gob.ec\\\/carchi\\\/#\\\/schema\\\/logo\\\/image\\\/\"}}]}<\/script>\n<!-- \/ Yoast SEO plugin. -->","yoast_head_json":{"title":"Fases - GAD Parroquial de Julio Andrade","robots":{"index":"index","follow":"follow","max-snippet":"max-snippet:-1","max-image-preview":"max-image-preview:large","max-video-preview":"max-video-preview:-1"},"canonical":"https:\/\/gpjulioandrade.gob.ec\/carchi\/?page_id=1395","og_locale":"es_ES","og_type":"article","og_title":"Fases - GAD Parroquial de Julio Andrade","og_description":"[\/vc_wp_text][\/vc_accordion_tab][vc_accordion_tab title=&#8221;Fase 1&#8243;][vc_wp_text] FASE 1: Mapeo de actores entrega de informaci\u00f3n al CPCCS de J.A Consulta Entrega de temas al GAD Solicitud del CPCCS de julio Andrade [\/vc_wp_text][\/vc_accordion_tab][vc_accordion_tab title=&#8221;Fase 2&#8243;][vc_wp_text] FASE 2: Seguimiento a la entrega del informe a la ciudadan\u00eda Respuestas al CPCCS de J.A [\/vc_wp_text][\/vc_accordion_tab][vc_accordion_tab title=&#8221;Fase 3&#8243;][vc_wp_text] FASE 3: Evaluaci\u00f3n ciudadana al informe [&hellip;]","og_url":"https:\/\/gpjulioandrade.gob.ec\/carchi\/?page_id=1395","og_site_name":"GAD Parroquial de Julio Andrade","article_modified_time":"2018-03-29T03:56:11+00:00","og_image":[{"url":"http:\/\/gpjulioandrade.gob.ec\/carchi\/wp-content\/uploads\/2015\/10\/INVITACI\u00d3N-RENDICI\u00d3N-DE-CUENTAS-20151-218x300.jpg","type":"","width":"","height":""}],"twitter_card":"summary_large_image","twitter_misc":{"Tiempo de lectura":"1 minuto"},"schema":{"@context":"https:\/\/schema.org","@graph":[{"@type":"WebPage","@id":"https:\/\/gpjulioandrade.gob.ec\/carchi\/?page_id=1395","url":"https:\/\/gpjulioandrade.gob.ec\/carchi\/?page_id=1395","name":"Fases - GAD Parroquial de Julio Andrade","isPartOf":{"@id":"https:\/\/gpjulioandrade.gob.ec\/carchi\/#website"},"datePublished":"2018-02-05T16:58:53+00:00","dateModified":"2018-03-29T03:56:11+00:00","breadcrumb":{"@id":"https:\/\/gpjulioandrade.gob.ec\/carchi\/?page_id=1395#breadcrumb"},"inLanguage":"es","potentialAction":[{"@type":"ReadAction","target":["https:\/\/gpjulioandrade.gob.ec\/carchi\/?page_id=1395"]}]},{"@type":"BreadcrumbList","@id":"https:\/\/gpjulioandrade.gob.ec\/carchi\/?page_id=1395#breadcrumb","itemListElement":[{"@type":"ListItem","position":1,"name":"Home","item":"https:\/\/gpjulioandrade.gob.ec\/carchi\/"},{"@type":"ListItem","position":2,"name":"Fases"}]},{"@type":"WebSite","@id":"https:\/\/gpjulioandrade.gob.ec\/carchi\/#website","url":"https:\/\/gpjulioandrade.gob.ec\/carchi\/","name":"GAD Parroquial de Julio Andrade","description":"Sitio Oficial del GAD Parroquial Julio Andrade Carchi","publisher":{"@id":"https:\/\/gpjulioandrade.gob.ec\/carchi\/#organization"},"potentialAction":[{"@type":"SearchAction","target":{"@type":"EntryPoint","urlTemplate":"https:\/\/gpjulioandrade.gob.ec\/carchi\/?s={search_term_string}"},"query-input":{"@type":"PropertyValueSpecification","valueRequired":true,"valueName":"search_term_string"}}],"inLanguage":"es"},{"@type":"Organization","@id":"https:\/\/gpjulioandrade.gob.ec\/carchi\/#organization","name":"GAD Parroquial de Julio Andrade","url":"https:\/\/gpjulioandrade.gob.ec\/carchi\/","logo":{"@type":"ImageObject","inLanguage":"es","@id":"https:\/\/gpjulioandrade.gob.ec\/carchi\/#\/schema\/logo\/image\/","url":"https:\/\/gpjulioandrade.gob.ec\/carchi\/wp-content\/uploads\/2020\/07\/logoFooterAncho.png","contentUrl":"https:\/\/gpjulioandrade.gob.ec\/carchi\/wp-content\/uploads\/2020\/07\/logoFooterAncho.png","width":220,"height":70,"caption":"GAD Parroquial de Julio Andrade"},"image":{"@id":"https:\/\/gpjulioandrade.gob.ec\/carchi\/#\/schema\/logo\/image\/"}}]}},"_links":{"self":[{"href":"https:\/\/gpjulioandrade.gob.ec\/carchi\/index.php?rest_route=\/wp\/v2\/pages\/1395","targetHints":{"allow":["GET"]}}],"collection":[{"href":"https:\/\/gpjulioandrade.gob.ec\/carchi\/index.php?rest_route=\/wp\/v2\/pages"}],"about":[{"href":"https:\/\/gpjulioandrade.gob.ec\/carchi\/index.php?rest_route=\/wp\/v2\/types\/page"}],"author":[{"embeddable":true,"href":"https:\/\/gpjulioandrade.gob.ec\/carchi\/index.php?rest_route=\/wp\/v2\/users\/6"}],"replies":[{"embeddable":true,"href":"https:\/\/gpjulioandrade.gob.ec\/carchi\/index.php?rest_route=%2Fwp%2Fv2%2Fcomments&post=1395"}],"version-history":[{"count":6,"href":"https:\/\/gpjulioandrade.gob.ec\/carchi\/index.php?rest_route=\/wp\/v2\/pages\/1395\/revisions"}],"predecessor-version":[{"id":1609,"href":"https:\/\/gpjulioandrade.gob.ec\/carchi\/index.php?rest_route=\/wp\/v2\/pages\/1395\/revisions\/1609"}],"wp:attachment":[{"href":"https:\/\/gpjulioandrade.gob.ec\/carchi\/index.php?rest_route=%2Fwp%2Fv2%2Fmedia&parent=1395"}],"curies":[{"name":"wp","href":"https:\/\/api.w.org\/{rel}","templated":true}]}}