{"id":23,"date":"2014-10-24T02:12:28","date_gmt":"2014-10-24T02:12:28","guid":{"rendered":"http:\/\/gadabdoncalderon.gob.ec\/manabi\/?page_id=23"},"modified":"2020-07-22T21:33:49","modified_gmt":"2020-07-23T01:33:49","slug":"contactenos","status":"publish","type":"page","link":"https:\/\/gpjulioandrade.gob.ec\/carchi\/?page_id=23","title":{"rendered":"Cont\u00e1ctenos"},"content":{"rendered":"<p>&nbsp;<\/p>\n<table>\n<tbody>\n<tr>\n<td width=\"400\">\n<div class=\"wpcf7 no-js\" id=\"wpcf7-f1379-o1\" lang=\"es-ES\" dir=\"ltr\" data-wpcf7-id=\"1379\">\n<div class=\"screen-reader-response\"><p role=\"status\" aria-live=\"polite\" aria-atomic=\"true\"><\/p> <ul><\/ul><\/div>\n<form action=\"\/carchi\/index.php?rest_route=%2Fwp%2Fv2%2Fpages%2F23#wpcf7-f1379-o1\" method=\"post\" class=\"wpcf7-form init\" aria-label=\"Formulario de contacto\" novalidate=\"novalidate\" data-status=\"init\">\n<fieldset class=\"hidden-fields-container\"><input type=\"hidden\" name=\"_wpcf7\" value=\"1379\" \/><input type=\"hidden\" name=\"_wpcf7_version\" value=\"6.1.5\" \/><input type=\"hidden\" name=\"_wpcf7_locale\" value=\"es_ES\" \/><input type=\"hidden\" name=\"_wpcf7_unit_tag\" value=\"wpcf7-f1379-o1\" \/><input type=\"hidden\" name=\"_wpcf7_container_post\" value=\"0\" \/><input type=\"hidden\" name=\"_wpcf7_posted_data_hash\" value=\"\" \/><input type=\"hidden\" name=\"_wpcf7_recaptcha_response\" value=\"\" \/>\n<\/fieldset>\n<p><label> Nombre (requerido)<br \/>\n<span class=\"wpcf7-form-control-wrap\" data-name=\"your-name\"><input size=\"40\" maxlength=\"400\" class=\"wpcf7-form-control wpcf7-text wpcf7-validates-as-required\" aria-required=\"true\" aria-invalid=\"false\" value=\"\" type=\"text\" name=\"your-name\" \/><\/span> <\/label>\n<\/p>\n<p><label> Tu correo electr\u00f3nico (requerido)<br \/>\n<span class=\"wpcf7-form-control-wrap\" data-name=\"your-email\"><input size=\"40\" maxlength=\"400\" class=\"wpcf7-form-control wpcf7-email wpcf7-validates-as-required wpcf7-text wpcf7-validates-as-email\" aria-required=\"true\" aria-invalid=\"false\" value=\"\" type=\"email\" name=\"your-email\" \/><\/span> <\/label>\n<\/p>\n<p><label> Asunto<br \/>\n<span class=\"wpcf7-form-control-wrap\" data-name=\"your-subject\"><input size=\"40\" maxlength=\"400\" class=\"wpcf7-form-control wpcf7-text\" aria-invalid=\"false\" value=\"\" type=\"text\" name=\"your-subject\" \/><\/span> <\/label>\n<\/p>\n<p><label> Mensaje<br \/>\n<span class=\"wpcf7-form-control-wrap\" data-name=\"your-message\"><textarea cols=\"40\" rows=\"10\" maxlength=\"2000\" class=\"wpcf7-form-control wpcf7-textarea\" aria-invalid=\"false\" name=\"your-message\"><\/textarea><\/span> <\/label><br \/>\n<span class=\"wpcf7-form-control-wrap recaptcha\" data-name=\"recaptcha\"><span data-sitekey=\"6LcJZLQZAAAAAKsVRh19-VxFCxC0Qj4AscDy4iCn\" class=\"wpcf7-form-control wpcf7-recaptcha g-recaptcha\"><\/span>\r\n<noscript>\r\n\t<div class=\"grecaptcha-noscript\">\r\n\t\t<iframe src=\"https:\/\/www.google.com\/recaptcha\/api\/fallback?k=6LcJZLQZAAAAAKsVRh19-VxFCxC0Qj4AscDy4iCn\" frameborder=\"0\" scrolling=\"no\" width=\"310\" height=\"430\">\r\n\t\t<\/iframe>\r\n\t\t<textarea name=\"g-recaptcha-response\" rows=\"3\" cols=\"40\" placeholder=\"Aqu\u00ed la respuesta de reCAPTCHA\">\r\n\t\t<\/textarea>\r\n\t<\/div>\r\n<\/noscript>\r\n<\/span>\n<\/p>\n<p><input class=\"wpcf7-form-control wpcf7-submit has-spinner\" type=\"submit\" value=\"Enviar\" \/>\n<\/p><div class=\"wpcf7-response-output\" aria-hidden=\"true\"><\/div>\n<\/form>\n<\/div>\n<\/td>\n<td width=\"400\">\u00a0<a href=\"http:\/\/gpjulioandrade.gob.ec\/carchi\/wp-content\/uploads\/2014\/10\/escudo-julio.jpg\"><img decoding=\"async\" class=\" wp-image-192 aligncenter\" src=\"http:\/\/gpjulioandrade.gob.ec\/carchi\/wp-content\/uploads\/2014\/10\/escudo-julio.jpg\" alt=\"escudo julio\" width=\"206\" height=\"196\" data-id=\"192\" srcset=\"https:\/\/gpjulioandrade.gob.ec\/carchi\/wp-content\/uploads\/2014\/10\/escudo-julio.jpg 386w, https:\/\/gpjulioandrade.gob.ec\/carchi\/wp-content\/uploads\/2014\/10\/escudo-julio-300x285.jpg 300w\" sizes=\"(max-width: 206px) 100vw, 206px\" \/><\/a><\/p>\n<p style=\"text-align: center;\"><strong>GOBIERNO AUT\u00d3NOMO DESCENTRALIZADO PARROQUIAL RURAL DE JULIO ANDRADE<\/strong><\/p>\n<p style=\"text-align: center;\">DIRECCI\u00d3N: 13 DE ABRIL Y TARQUI<\/p>\n<p style=\"text-align: center;\">PARROQUIA: JULIO ANDRADE<\/p>\n<p style=\"text-align: center;\">CANT\u00d3N: TULC\u00c1N<\/p>\n<p style=\"text-align: center;\">PROVINCIA: CARCHI<\/p>\n<p style=\"text-align: center;\">CONTACTO: 062205105<\/p>\n<\/td>\n<\/tr>\n<\/tbody>\n<\/table>\n","protected":false},"excerpt":{"rendered":"<p>&nbsp; \u00a0 GOBIERNO AUT\u00d3NOMO DESCENTRALIZADO PARROQUIAL RURAL DE JULIO ANDRADE DIRECCI\u00d3N: 13 DE ABRIL Y TARQUI PARROQUIA: JULIO ANDRADE CANT\u00d3N: TULC\u00c1N PROVINCIA: CARCHI CONTACTO: 062205105<\/p>\n","protected":false},"author":6,"featured_media":0,"parent":0,"menu_order":0,"comment_status":"closed","ping_status":"open","template":"","meta":{"footnotes":""},"class_list":["post-23","page","type-page","status-publish","hentry"],"yoast_head":"<!-- This site is optimized with the Yoast SEO plugin v27.3 - https:\/\/yoast.com\/product\/yoast-seo-wordpress\/ -->\n<title>Cont\u00e1ctenos - GAD Parroquial de Julio Andrade<\/title>\n<meta name=\"robots\" content=\"index, follow, max-snippet:-1, max-image-preview:large, max-video-preview:-1\" \/>\n<link rel=\"canonical\" href=\"https:\/\/gpjulioandrade.gob.ec\/carchi\/?page_id=23\" \/>\n<meta property=\"og:locale\" content=\"es_ES\" \/>\n<meta property=\"og:type\" content=\"article\" \/>\n<meta property=\"og:title\" content=\"Cont\u00e1ctenos - GAD Parroquial de Julio Andrade\" \/>\n<meta property=\"og:description\" content=\"&nbsp; \u00a0 GOBIERNO AUT\u00d3NOMO DESCENTRALIZADO PARROQUIAL RURAL DE JULIO ANDRADE DIRECCI\u00d3N: 13 DE ABRIL Y TARQUI PARROQUIA: JULIO ANDRADE CANT\u00d3N: TULC\u00c1N PROVINCIA: CARCHI CONTACTO: 062205105\" \/>\n<meta property=\"og:url\" content=\"https:\/\/gpjulioandrade.gob.ec\/carchi\/?page_id=23\" \/>\n<meta property=\"og:site_name\" content=\"GAD Parroquial de Julio Andrade\" \/>\n<meta property=\"article:modified_time\" content=\"2020-07-23T01:33:49+00:00\" \/>\n<meta property=\"og:image\" content=\"http:\/\/gpjulioandrade.gob.ec\/carchi\/wp-content\/uploads\/2014\/10\/escudo-julio.jpg\" \/>\n<meta name=\"twitter:card\" content=\"summary_large_image\" \/>\n<script type=\"application\/ld+json\" class=\"yoast-schema-graph\">{\"@context\":\"https:\\\/\\\/schema.org\",\"@graph\":[{\"@type\":\"WebPage\",\"@id\":\"https:\\\/\\\/gpjulioandrade.gob.ec\\\/carchi\\\/?page_id=23\",\"url\":\"https:\\\/\\\/gpjulioandrade.gob.ec\\\/carchi\\\/?page_id=23\",\"name\":\"Cont\u00e1ctenos - GAD Parroquial de Julio Andrade\",\"isPartOf\":{\"@id\":\"https:\\\/\\\/gpjulioandrade.gob.ec\\\/carchi\\\/#website\"},\"primaryImageOfPage\":{\"@id\":\"https:\\\/\\\/gpjulioandrade.gob.ec\\\/carchi\\\/?page_id=23#primaryimage\"},\"image\":{\"@id\":\"https:\\\/\\\/gpjulioandrade.gob.ec\\\/carchi\\\/?page_id=23#primaryimage\"},\"thumbnailUrl\":\"http:\\\/\\\/gpjulioandrade.gob.ec\\\/carchi\\\/wp-content\\\/uploads\\\/2014\\\/10\\\/escudo-julio.jpg\",\"datePublished\":\"2014-10-24T02:12:28+00:00\",\"dateModified\":\"2020-07-23T01:33:49+00:00\",\"breadcrumb\":{\"@id\":\"https:\\\/\\\/gpjulioandrade.gob.ec\\\/carchi\\\/?page_id=23#breadcrumb\"},\"inLanguage\":\"es\",\"potentialAction\":[{\"@type\":\"ReadAction\",\"target\":[\"https:\\\/\\\/gpjulioandrade.gob.ec\\\/carchi\\\/?page_id=23\"]}]},{\"@type\":\"ImageObject\",\"inLanguage\":\"es\",\"@id\":\"https:\\\/\\\/gpjulioandrade.gob.ec\\\/carchi\\\/?page_id=23#primaryimage\",\"url\":\"http:\\\/\\\/gpjulioandrade.gob.ec\\\/carchi\\\/wp-content\\\/uploads\\\/2014\\\/10\\\/escudo-julio.jpg\",\"contentUrl\":\"http:\\\/\\\/gpjulioandrade.gob.ec\\\/carchi\\\/wp-content\\\/uploads\\\/2014\\\/10\\\/escudo-julio.jpg\"},{\"@type\":\"BreadcrumbList\",\"@id\":\"https:\\\/\\\/gpjulioandrade.gob.ec\\\/carchi\\\/?page_id=23#breadcrumb\",\"itemListElement\":[{\"@type\":\"ListItem\",\"position\":1,\"name\":\"Home\",\"item\":\"https:\\\/\\\/gpjulioandrade.gob.ec\\\/carchi\\\/\"},{\"@type\":\"ListItem\",\"position\":2,\"name\":\"Cont\u00e1ctenos\"}]},{\"@type\":\"WebSite\",\"@id\":\"https:\\\/\\\/gpjulioandrade.gob.ec\\\/carchi\\\/#website\",\"url\":\"https:\\\/\\\/gpjulioandrade.gob.ec\\\/carchi\\\/\",\"name\":\"GAD Parroquial de Julio Andrade\",\"description\":\"Sitio Oficial del GAD Parroquial Julio Andrade Carchi\",\"publisher\":{\"@id\":\"https:\\\/\\\/gpjulioandrade.gob.ec\\\/carchi\\\/#organization\"},\"potentialAction\":[{\"@type\":\"SearchAction\",\"target\":{\"@type\":\"EntryPoint\",\"urlTemplate\":\"https:\\\/\\\/gpjulioandrade.gob.ec\\\/carchi\\\/?s={search_term_string}\"},\"query-input\":{\"@type\":\"PropertyValueSpecification\",\"valueRequired\":true,\"valueName\":\"search_term_string\"}}],\"inLanguage\":\"es\"},{\"@type\":\"Organization\",\"@id\":\"https:\\\/\\\/gpjulioandrade.gob.ec\\\/carchi\\\/#organization\",\"name\":\"GAD Parroquial de Julio Andrade\",\"url\":\"https:\\\/\\\/gpjulioandrade.gob.ec\\\/carchi\\\/\",\"logo\":{\"@type\":\"ImageObject\",\"inLanguage\":\"es\",\"@id\":\"https:\\\/\\\/gpjulioandrade.gob.ec\\\/carchi\\\/#\\\/schema\\\/logo\\\/image\\\/\",\"url\":\"https:\\\/\\\/gpjulioandrade.gob.ec\\\/carchi\\\/wp-content\\\/uploads\\\/2020\\\/07\\\/logoFooterAncho.png\",\"contentUrl\":\"https:\\\/\\\/gpjulioandrade.gob.ec\\\/carchi\\\/wp-content\\\/uploads\\\/2020\\\/07\\\/logoFooterAncho.png\",\"width\":220,\"height\":70,\"caption\":\"GAD Parroquial de Julio Andrade\"},\"image\":{\"@id\":\"https:\\\/\\\/gpjulioandrade.gob.ec\\\/carchi\\\/#\\\/schema\\\/logo\\\/image\\\/\"}}]}<\/script>\n<!-- \/ Yoast SEO plugin. -->","yoast_head_json":{"title":"Cont\u00e1ctenos - GAD Parroquial de Julio Andrade","robots":{"index":"index","follow":"follow","max-snippet":"max-snippet:-1","max-image-preview":"max-image-preview:large","max-video-preview":"max-video-preview:-1"},"canonical":"https:\/\/gpjulioandrade.gob.ec\/carchi\/?page_id=23","og_locale":"es_ES","og_type":"article","og_title":"Cont\u00e1ctenos - GAD Parroquial de Julio Andrade","og_description":"&nbsp; \u00a0 GOBIERNO AUT\u00d3NOMO DESCENTRALIZADO PARROQUIAL RURAL DE JULIO ANDRADE DIRECCI\u00d3N: 13 DE ABRIL Y TARQUI PARROQUIA: JULIO ANDRADE CANT\u00d3N: TULC\u00c1N PROVINCIA: CARCHI CONTACTO: 062205105","og_url":"https:\/\/gpjulioandrade.gob.ec\/carchi\/?page_id=23","og_site_name":"GAD Parroquial de Julio Andrade","article_modified_time":"2020-07-23T01:33:49+00:00","og_image":[{"url":"http:\/\/gpjulioandrade.gob.ec\/carchi\/wp-content\/uploads\/2014\/10\/escudo-julio.jpg","type":"","width":"","height":""}],"twitter_card":"summary_large_image","schema":{"@context":"https:\/\/schema.org","@graph":[{"@type":"WebPage","@id":"https:\/\/gpjulioandrade.gob.ec\/carchi\/?page_id=23","url":"https:\/\/gpjulioandrade.gob.ec\/carchi\/?page_id=23","name":"Cont\u00e1ctenos - GAD Parroquial de Julio Andrade","isPartOf":{"@id":"https:\/\/gpjulioandrade.gob.ec\/carchi\/#website"},"primaryImageOfPage":{"@id":"https:\/\/gpjulioandrade.gob.ec\/carchi\/?page_id=23#primaryimage"},"image":{"@id":"https:\/\/gpjulioandrade.gob.ec\/carchi\/?page_id=23#primaryimage"},"thumbnailUrl":"http:\/\/gpjulioandrade.gob.ec\/carchi\/wp-content\/uploads\/2014\/10\/escudo-julio.jpg","datePublished":"2014-10-24T02:12:28+00:00","dateModified":"2020-07-23T01:33:49+00:00","breadcrumb":{"@id":"https:\/\/gpjulioandrade.gob.ec\/carchi\/?page_id=23#breadcrumb"},"inLanguage":"es","potentialAction":[{"@type":"ReadAction","target":["https:\/\/gpjulioandrade.gob.ec\/carchi\/?page_id=23"]}]},{"@type":"ImageObject","inLanguage":"es","@id":"https:\/\/gpjulioandrade.gob.ec\/carchi\/?page_id=23#primaryimage","url":"http:\/\/gpjulioandrade.gob.ec\/carchi\/wp-content\/uploads\/2014\/10\/escudo-julio.jpg","contentUrl":"http:\/\/gpjulioandrade.gob.ec\/carchi\/wp-content\/uploads\/2014\/10\/escudo-julio.jpg"},{"@type":"BreadcrumbList","@id":"https:\/\/gpjulioandrade.gob.ec\/carchi\/?page_id=23#breadcrumb","itemListElement":[{"@type":"ListItem","position":1,"name":"Home","item":"https:\/\/gpjulioandrade.gob.ec\/carchi\/"},{"@type":"ListItem","position":2,"name":"Cont\u00e1ctenos"}]},{"@type":"WebSite","@id":"https:\/\/gpjulioandrade.gob.ec\/carchi\/#website","url":"https:\/\/gpjulioandrade.gob.ec\/carchi\/","name":"GAD Parroquial de Julio Andrade","description":"Sitio Oficial del GAD Parroquial Julio Andrade Carchi","publisher":{"@id":"https:\/\/gpjulioandrade.gob.ec\/carchi\/#organization"},"potentialAction":[{"@type":"SearchAction","target":{"@type":"EntryPoint","urlTemplate":"https:\/\/gpjulioandrade.gob.ec\/carchi\/?s={search_term_string}"},"query-input":{"@type":"PropertyValueSpecification","valueRequired":true,"valueName":"search_term_string"}}],"inLanguage":"es"},{"@type":"Organization","@id":"https:\/\/gpjulioandrade.gob.ec\/carchi\/#organization","name":"GAD Parroquial de Julio Andrade","url":"https:\/\/gpjulioandrade.gob.ec\/carchi\/","logo":{"@type":"ImageObject","inLanguage":"es","@id":"https:\/\/gpjulioandrade.gob.ec\/carchi\/#\/schema\/logo\/image\/","url":"https:\/\/gpjulioandrade.gob.ec\/carchi\/wp-content\/uploads\/2020\/07\/logoFooterAncho.png","contentUrl":"https:\/\/gpjulioandrade.gob.ec\/carchi\/wp-content\/uploads\/2020\/07\/logoFooterAncho.png","width":220,"height":70,"caption":"GAD Parroquial de Julio Andrade"},"image":{"@id":"https:\/\/gpjulioandrade.gob.ec\/carchi\/#\/schema\/logo\/image\/"}}]}},"_links":{"self":[{"href":"https:\/\/gpjulioandrade.gob.ec\/carchi\/index.php?rest_route=\/wp\/v2\/pages\/23","targetHints":{"allow":["GET"]}}],"collection":[{"href":"https:\/\/gpjulioandrade.gob.ec\/carchi\/index.php?rest_route=\/wp\/v2\/pages"}],"about":[{"href":"https:\/\/gpjulioandrade.gob.ec\/carchi\/index.php?rest_route=\/wp\/v2\/types\/page"}],"author":[{"embeddable":true,"href":"https:\/\/gpjulioandrade.gob.ec\/carchi\/index.php?rest_route=\/wp\/v2\/users\/6"}],"replies":[{"embeddable":true,"href":"https:\/\/gpjulioandrade.gob.ec\/carchi\/index.php?rest_route=%2Fwp%2Fv2%2Fcomments&post=23"}],"version-history":[{"count":14,"href":"https:\/\/gpjulioandrade.gob.ec\/carchi\/index.php?rest_route=\/wp\/v2\/pages\/23\/revisions"}],"predecessor-version":[{"id":3481,"href":"https:\/\/gpjulioandrade.gob.ec\/carchi\/index.php?rest_route=\/wp\/v2\/pages\/23\/revisions\/3481"}],"wp:attachment":[{"href":"https:\/\/gpjulioandrade.gob.ec\/carchi\/index.php?rest_route=%2Fwp%2Fv2%2Fmedia&parent=23"}],"curies":[{"name":"wp","href":"https:\/\/api.w.org\/{rel}","templated":true}]}}