{"id":3517,"date":"2021-01-04T20:46:34","date_gmt":"2021-01-05T00:46:34","guid":{"rendered":"https:\/\/gpjulioandrade.gob.ec\/carchi\/?page_id=3517"},"modified":"2022-03-25T17:18:45","modified_gmt":"2022-03-25T21:18:45","slug":"rendicion-de-cuentas-2021","status":"publish","type":"page","link":"https:\/\/gpjulioandrade.gob.ec\/carchi\/?page_id=3517","title":{"rendered":"Rendici\u00f3n de Cuentas 2021"},"content":{"rendered":"<p><a href=\"https:\/\/gpjulioandrade.gob.ec\/carchi\/wp-content\/uploads\/2021\/11\/PROGRAMA-RENDICION-DE-CUENTAS-2020.pdf\">PROGRAMA RENDICI\u00d3N DE CUENTAS 2020<\/a><\/p>\n<p><a href=\"https:\/\/gpjulioandrade.gob.ec\/carchi\/wp-content\/uploads\/2021\/11\/ENCUESTA-DE-RENDICION-DE-CUENTAS-2020.pdf\">ENCUESTA DE RENDICI\u00d3N DE CUENTAS 2020<\/a><\/p>\n<p><a href=\"https:\/\/gpjulioandrade.gob.ec\/carchi\/wp-content\/uploads\/2021\/11\/INVITACION-RENDICION-DE-CUENTAS-2020.pdf\">INVITACION RENDICION DE CUENTAS 2020<\/a><\/p>\n<p><a href=\"https:\/\/gpjulioandrade.gob.ec\/carchi\/wp-content\/uploads\/2021\/11\/INVITACION-RENDICION-DE-CUENTAS-A-CONSEJO-DE-PARTICIPACION-CIUDADANA.pdf\">INVITACION RENDICION DE CUENTAS A CONSEJO DE PARTICIPACION CIUDADANA<\/a><\/p>\n<p><a href=\"https:\/\/gpjulioandrade.gob.ec\/carchi\/wp-content\/uploads\/2021\/11\/REGISTRO-DE-ENTREGA-DE-INVITACIONES-DE-RENDICION-DE-CUENTAS-2020.pdf\">REGISTRO DE ENTREGA DE INVITACIONES DE RENDICI\u00d3N DE CUENTAS 2020<\/a><\/p>\n<p><a href=\"https:\/\/gpjulioandrade.gob.ec\/carchi\/wp-content\/uploads\/2021\/11\/REGISTRO-DE-FIRMAS-DE-ASISTENCIA-A-RENDICION-DE-CUENTAS-2020.pdf\">REGISTRO DE FIRMAS DE ASISTENCIA A RENDICI\u00d3N DE CUENTAS 2020<\/a><\/p>\n<p><a href=\"https:\/\/gpjulioandrade.gob.ec\/carchi\/wp-content\/uploads\/2021\/11\/INFORME-DE-RENDICION-DE-CUENTAS-2020-INSTITUCION.pdf\">INFORME DE RENDICION DE CUENTAS 2020 INSTITUCION<\/a><\/p>\n<p><a href=\"https:\/\/gpjulioandrade.gob.ec\/carchi\/wp-content\/uploads\/2021\/11\/CERTIFICADO-DEFENSORIA-DEL-PUEBLO-2020.pdf\">CERTIFICADO DEFENSORIA DEL PUEBLO 2020<\/a><\/p>\n<p><a href=\"https:\/\/gpjulioandrade.gob.ec\/carchi\/wp-content\/uploads\/2022\/03\/PRESENTACION-DE-RENDICION-DE-CUENTAS-2020-1.pdf\">PRESENTACION DE RENDICION DE CUENTAS 2020<\/a><\/p>\n","protected":false},"excerpt":{"rendered":"<p>PROGRAMA RENDICI\u00d3N DE CUENTAS 2020 ENCUESTA DE RENDICI\u00d3N DE CUENTAS 2020 INVITACION RENDICION DE CUENTAS 2020 INVITACION RENDICION DE CUENTAS A CONSEJO DE PARTICIPACION CIUDADANA REGISTRO DE ENTREGA DE INVITACIONES DE RENDICI\u00d3N DE CUENTAS 2020 REGISTRO DE FIRMAS DE ASISTENCIA A RENDICI\u00d3N DE CUENTAS 2020 INFORME DE RENDICION DE CUENTAS 2020 INSTITUCION CERTIFICADO DEFENSORIA DEL [&hellip;]<\/p>\n","protected":false},"author":6,"featured_media":0,"parent":0,"menu_order":0,"comment_status":"closed","ping_status":"closed","template":"","meta":{"footnotes":""},"class_list":["post-3517","page","type-page","status-publish","hentry"],"yoast_head":"<!-- This site is optimized with the Yoast SEO plugin v27.3 - https:\/\/yoast.com\/product\/yoast-seo-wordpress\/ -->\n<title>Rendici\u00f3n de Cuentas 2021 - GAD Parroquial de Julio Andrade<\/title>\n<meta name=\"robots\" content=\"index, follow, max-snippet:-1, max-image-preview:large, max-video-preview:-1\" \/>\n<link rel=\"canonical\" href=\"https:\/\/gpjulioandrade.gob.ec\/carchi\/?page_id=3517\" \/>\n<meta property=\"og:locale\" content=\"es_ES\" \/>\n<meta property=\"og:type\" content=\"article\" \/>\n<meta property=\"og:title\" content=\"Rendici\u00f3n de Cuentas 2021 - GAD Parroquial de Julio Andrade\" \/>\n<meta property=\"og:description\" content=\"PROGRAMA RENDICI\u00d3N DE CUENTAS 2020 ENCUESTA DE RENDICI\u00d3N DE CUENTAS 2020 INVITACION RENDICION DE CUENTAS 2020 INVITACION RENDICION DE CUENTAS A CONSEJO DE PARTICIPACION CIUDADANA REGISTRO DE ENTREGA DE INVITACIONES DE RENDICI\u00d3N DE CUENTAS 2020 REGISTRO DE FIRMAS DE ASISTENCIA A RENDICI\u00d3N DE CUENTAS 2020 INFORME DE RENDICION DE CUENTAS 2020 INSTITUCION CERTIFICADO DEFENSORIA DEL [&hellip;]\" \/>\n<meta property=\"og:url\" content=\"https:\/\/gpjulioandrade.gob.ec\/carchi\/?page_id=3517\" \/>\n<meta property=\"og:site_name\" content=\"GAD Parroquial de Julio Andrade\" \/>\n<meta property=\"article:modified_time\" content=\"2022-03-25T21:18:45+00:00\" \/>\n<meta name=\"twitter:card\" content=\"summary_large_image\" \/>\n<meta name=\"twitter:label1\" content=\"Tiempo de lectura\" \/>\n\t<meta name=\"twitter:data1\" content=\"1 minuto\" \/>\n<script type=\"application\/ld+json\" class=\"yoast-schema-graph\">{\"@context\":\"https:\\\/\\\/schema.org\",\"@graph\":[{\"@type\":\"WebPage\",\"@id\":\"https:\\\/\\\/gpjulioandrade.gob.ec\\\/carchi\\\/?page_id=3517\",\"url\":\"https:\\\/\\\/gpjulioandrade.gob.ec\\\/carchi\\\/?page_id=3517\",\"name\":\"Rendici\u00f3n de Cuentas 2021 - GAD Parroquial de Julio Andrade\",\"isPartOf\":{\"@id\":\"https:\\\/\\\/gpjulioandrade.gob.ec\\\/carchi\\\/#website\"},\"datePublished\":\"2021-01-05T00:46:34+00:00\",\"dateModified\":\"2022-03-25T21:18:45+00:00\",\"breadcrumb\":{\"@id\":\"https:\\\/\\\/gpjulioandrade.gob.ec\\\/carchi\\\/?page_id=3517#breadcrumb\"},\"inLanguage\":\"es\",\"potentialAction\":[{\"@type\":\"ReadAction\",\"target\":[\"https:\\\/\\\/gpjulioandrade.gob.ec\\\/carchi\\\/?page_id=3517\"]}]},{\"@type\":\"BreadcrumbList\",\"@id\":\"https:\\\/\\\/gpjulioandrade.gob.ec\\\/carchi\\\/?page_id=3517#breadcrumb\",\"itemListElement\":[{\"@type\":\"ListItem\",\"position\":1,\"name\":\"Home\",\"item\":\"https:\\\/\\\/gpjulioandrade.gob.ec\\\/carchi\\\/\"},{\"@type\":\"ListItem\",\"position\":2,\"name\":\"Rendici\u00f3n de Cuentas 2021\"}]},{\"@type\":\"WebSite\",\"@id\":\"https:\\\/\\\/gpjulioandrade.gob.ec\\\/carchi\\\/#website\",\"url\":\"https:\\\/\\\/gpjulioandrade.gob.ec\\\/carchi\\\/\",\"name\":\"GAD Parroquial de Julio Andrade\",\"description\":\"Sitio Oficial del GAD Parroquial Julio Andrade Carchi\",\"publisher\":{\"@id\":\"https:\\\/\\\/gpjulioandrade.gob.ec\\\/carchi\\\/#organization\"},\"potentialAction\":[{\"@type\":\"SearchAction\",\"target\":{\"@type\":\"EntryPoint\",\"urlTemplate\":\"https:\\\/\\\/gpjulioandrade.gob.ec\\\/carchi\\\/?s={search_term_string}\"},\"query-input\":{\"@type\":\"PropertyValueSpecification\",\"valueRequired\":true,\"valueName\":\"search_term_string\"}}],\"inLanguage\":\"es\"},{\"@type\":\"Organization\",\"@id\":\"https:\\\/\\\/gpjulioandrade.gob.ec\\\/carchi\\\/#organization\",\"name\":\"GAD Parroquial de Julio Andrade\",\"url\":\"https:\\\/\\\/gpjulioandrade.gob.ec\\\/carchi\\\/\",\"logo\":{\"@type\":\"ImageObject\",\"inLanguage\":\"es\",\"@id\":\"https:\\\/\\\/gpjulioandrade.gob.ec\\\/carchi\\\/#\\\/schema\\\/logo\\\/image\\\/\",\"url\":\"https:\\\/\\\/gpjulioandrade.gob.ec\\\/carchi\\\/wp-content\\\/uploads\\\/2020\\\/07\\\/logoFooterAncho.png\",\"contentUrl\":\"https:\\\/\\\/gpjulioandrade.gob.ec\\\/carchi\\\/wp-content\\\/uploads\\\/2020\\\/07\\\/logoFooterAncho.png\",\"width\":220,\"height\":70,\"caption\":\"GAD Parroquial de Julio Andrade\"},\"image\":{\"@id\":\"https:\\\/\\\/gpjulioandrade.gob.ec\\\/carchi\\\/#\\\/schema\\\/logo\\\/image\\\/\"}}]}<\/script>\n<!-- \/ Yoast SEO plugin. -->","yoast_head_json":{"title":"Rendici\u00f3n de Cuentas 2021 - GAD Parroquial de Julio Andrade","robots":{"index":"index","follow":"follow","max-snippet":"max-snippet:-1","max-image-preview":"max-image-preview:large","max-video-preview":"max-video-preview:-1"},"canonical":"https:\/\/gpjulioandrade.gob.ec\/carchi\/?page_id=3517","og_locale":"es_ES","og_type":"article","og_title":"Rendici\u00f3n de Cuentas 2021 - GAD Parroquial de Julio Andrade","og_description":"PROGRAMA RENDICI\u00d3N DE CUENTAS 2020 ENCUESTA DE RENDICI\u00d3N DE CUENTAS 2020 INVITACION RENDICION DE CUENTAS 2020 INVITACION RENDICION DE CUENTAS A CONSEJO DE PARTICIPACION CIUDADANA REGISTRO DE ENTREGA DE INVITACIONES DE RENDICI\u00d3N DE CUENTAS 2020 REGISTRO DE FIRMAS DE ASISTENCIA A RENDICI\u00d3N DE CUENTAS 2020 INFORME DE RENDICION DE CUENTAS 2020 INSTITUCION CERTIFICADO DEFENSORIA DEL [&hellip;]","og_url":"https:\/\/gpjulioandrade.gob.ec\/carchi\/?page_id=3517","og_site_name":"GAD Parroquial de Julio Andrade","article_modified_time":"2022-03-25T21:18:45+00:00","twitter_card":"summary_large_image","twitter_misc":{"Tiempo de lectura":"1 minuto"},"schema":{"@context":"https:\/\/schema.org","@graph":[{"@type":"WebPage","@id":"https:\/\/gpjulioandrade.gob.ec\/carchi\/?page_id=3517","url":"https:\/\/gpjulioandrade.gob.ec\/carchi\/?page_id=3517","name":"Rendici\u00f3n de Cuentas 2021 - GAD Parroquial de Julio Andrade","isPartOf":{"@id":"https:\/\/gpjulioandrade.gob.ec\/carchi\/#website"},"datePublished":"2021-01-05T00:46:34+00:00","dateModified":"2022-03-25T21:18:45+00:00","breadcrumb":{"@id":"https:\/\/gpjulioandrade.gob.ec\/carchi\/?page_id=3517#breadcrumb"},"inLanguage":"es","potentialAction":[{"@type":"ReadAction","target":["https:\/\/gpjulioandrade.gob.ec\/carchi\/?page_id=3517"]}]},{"@type":"BreadcrumbList","@id":"https:\/\/gpjulioandrade.gob.ec\/carchi\/?page_id=3517#breadcrumb","itemListElement":[{"@type":"ListItem","position":1,"name":"Home","item":"https:\/\/gpjulioandrade.gob.ec\/carchi\/"},{"@type":"ListItem","position":2,"name":"Rendici\u00f3n de Cuentas 2021"}]},{"@type":"WebSite","@id":"https:\/\/gpjulioandrade.gob.ec\/carchi\/#website","url":"https:\/\/gpjulioandrade.gob.ec\/carchi\/","name":"GAD Parroquial de Julio Andrade","description":"Sitio Oficial del GAD Parroquial Julio Andrade Carchi","publisher":{"@id":"https:\/\/gpjulioandrade.gob.ec\/carchi\/#organization"},"potentialAction":[{"@type":"SearchAction","target":{"@type":"EntryPoint","urlTemplate":"https:\/\/gpjulioandrade.gob.ec\/carchi\/?s={search_term_string}"},"query-input":{"@type":"PropertyValueSpecification","valueRequired":true,"valueName":"search_term_string"}}],"inLanguage":"es"},{"@type":"Organization","@id":"https:\/\/gpjulioandrade.gob.ec\/carchi\/#organization","name":"GAD Parroquial de Julio Andrade","url":"https:\/\/gpjulioandrade.gob.ec\/carchi\/","logo":{"@type":"ImageObject","inLanguage":"es","@id":"https:\/\/gpjulioandrade.gob.ec\/carchi\/#\/schema\/logo\/image\/","url":"https:\/\/gpjulioandrade.gob.ec\/carchi\/wp-content\/uploads\/2020\/07\/logoFooterAncho.png","contentUrl":"https:\/\/gpjulioandrade.gob.ec\/carchi\/wp-content\/uploads\/2020\/07\/logoFooterAncho.png","width":220,"height":70,"caption":"GAD Parroquial de Julio Andrade"},"image":{"@id":"https:\/\/gpjulioandrade.gob.ec\/carchi\/#\/schema\/logo\/image\/"}}]}},"_links":{"self":[{"href":"https:\/\/gpjulioandrade.gob.ec\/carchi\/index.php?rest_route=\/wp\/v2\/pages\/3517","targetHints":{"allow":["GET"]}}],"collection":[{"href":"https:\/\/gpjulioandrade.gob.ec\/carchi\/index.php?rest_route=\/wp\/v2\/pages"}],"about":[{"href":"https:\/\/gpjulioandrade.gob.ec\/carchi\/index.php?rest_route=\/wp\/v2\/types\/page"}],"author":[{"embeddable":true,"href":"https:\/\/gpjulioandrade.gob.ec\/carchi\/index.php?rest_route=\/wp\/v2\/users\/6"}],"replies":[{"embeddable":true,"href":"https:\/\/gpjulioandrade.gob.ec\/carchi\/index.php?rest_route=%2Fwp%2Fv2%2Fcomments&post=3517"}],"version-history":[{"count":4,"href":"https:\/\/gpjulioandrade.gob.ec\/carchi\/index.php?rest_route=\/wp\/v2\/pages\/3517\/revisions"}],"predecessor-version":[{"id":4241,"href":"https:\/\/gpjulioandrade.gob.ec\/carchi\/index.php?rest_route=\/wp\/v2\/pages\/3517\/revisions\/4241"}],"wp:attachment":[{"href":"https:\/\/gpjulioandrade.gob.ec\/carchi\/index.php?rest_route=%2Fwp%2Fv2%2Fmedia&parent=3517"}],"curies":[{"name":"wp","href":"https:\/\/api.w.org\/{rel}","templated":true}]}}