{"id":56,"date":"2014-10-24T10:00:34","date_gmt":"2014-10-24T14:00:34","guid":{"rendered":"http:\/\/gadabdoncalderon.gob.ec\/manabi\/?page_id=56"},"modified":"2015-03-30T19:13:40","modified_gmt":"2015-03-30T23:13:40","slug":"documentos-2014-2015","status":"publish","type":"page","link":"https:\/\/gpjulioandrade.gob.ec\/carchi\/?page_id=56","title":{"rendered":"Documentos 2014"},"content":{"rendered":"<h1 class=\"art-postheader\">Documentos 2014<\/h1>\n<div class=\"art-postcontent clearfix\">\n<p><strong>Art. 7.- Difusi\u00f3n de la Informaci\u00f3n P\u00fablica.-<\/strong><\/p>\n<p>Por la transparencia en la gesti\u00f3n administrativa que est\u00e1n obligadas a observar todas las instituciones del Estado que conforman el sector p\u00fablico en los t\u00e9rminos del art\u00edculo 118 de la Constituci\u00f3n Pol\u00edtica de la Rep\u00fablica y dem\u00e1s entes se\u00f1alados en el art\u00edculo 1 de la presente Ley, difundir\u00e1n a trav\u00e9s de un portal de informaci\u00f3n o p\u00e1gina web, as\u00ed como de los medios necesarios a disposici\u00f3n del p\u00fablico, implementados en la misma instituci\u00f3n, la siguiente informaci\u00f3n m\u00ednima actualizada, que para efectos de esta Ley se la considera de naturaleza obligatoria:<\/p>\n<p><strong>CERTIFICADO<\/strong><\/p>\n<p><a href=\"http:\/\/gpjulioandrade.gob.ec\/carchi\/wp-content\/uploads\/2014\/10\/defensoria-del-pueblo.rar\">defensoria del pueblo<\/a><\/p>\n<p><strong>FORMATOS LOTAIP<\/strong><\/p>\n<p><a href=\"http:\/\/gpjulioandrade.gob.ec\/carchi\/wp-content\/uploads\/2014\/10\/a1-Estructura-Org-\u00ednica-Funcional.rar\">a1) Estructura Org\u00e1nica Funcional<\/a><\/p>\n<p><a href=\"http:\/\/gpjulioandrade.gob.ec\/carchi\/wp-content\/uploads\/2014\/10\/a2-Base-legal-que-la-rige.rar\">a2) Base legal que la rige<\/a><\/p>\n<p><a href=\"http:\/\/gpjulioandrade.gob.ec\/carchi\/wp-content\/uploads\/2014\/10\/a3-Regulaciones-y-procedimientos-internos-aplicables-a-la-entidad.rar\">a3) Regulaciones y procedimientos internos aplicables a la entidad<\/a><\/p>\n<p><a href=\"http:\/\/gpjulioandrade.gob.ec\/carchi\/wp-content\/uploads\/2014\/10\/a4-Metas-y-objetivos-de-las-unidades-administrativas-de-conformidad-con-los-programas-operativos.rar\">a4) Metas y objetivos de las unidades administrativas de conformidad con los programas operativos<\/a><\/p>\n<p><a href=\"http:\/\/gpjulioandrade.gob.ec\/carchi\/wp-content\/uploads\/2014\/10\/b1-Directorio-completo-de-la-instituci-\u00a6n.rar\">b1) Directorio completo de la instituci\u00f3n<\/a><\/p>\n<p><a href=\"http:\/\/gpjulioandrade.gob.ec\/carchi\/wp-content\/uploads\/2014\/10\/b2-Distributivo-de-personal.rar\">b2) Distributivo de personal<\/a><\/p>\n<p><a href=\"http:\/\/gpjulioandrade.gob.ec\/carchi\/wp-content\/uploads\/2014\/10\/REMUNERACIONES-2014.pdf\">c) REMUNERACIONES 2014<\/a><\/p>\n<p><a href=\"http:\/\/gpjulioandrade.gob.ec\/carchi\/wp-content\/uploads\/2014\/10\/d-Servicios.rar\">d) Servicios<\/a><\/p>\n<p>HORARIO DE ATENCION<\/p>\n<p>Lunes a Viernes de 8h00 a 13h00\u00a0 \u2013 14h00 a 17h00<\/p>\n<p><strong>e) Contratos Colectivos<\/strong><br \/>\nTexto integro de todos los contratos colectivos vigentes en la instituci\u00f3n, as\u00ed como sus anexos y reformas.<\/p>\n<p><strong>f) Formularios para Tr\u00e1mites<\/strong><br \/>\nSe publicar\u00e1n los formularios o formatos de solicitudes que se requieran para los tr\u00e1mites inherentes a su campo de acci\u00f3n.<\/p>\n<p><strong>g) Presupuesto Anual<\/strong><br \/>\nInformaci\u00f3n total sobre el presupuesto anual que administra la instituci\u00f3n, especificando ingresos, gastos, financiamiento y resultados operativos de conformidad con los clasificadores presupuestales, as\u00ed como liquidaci\u00f3n del presupuesto, especificando destinatarios de la entrega de recursos p\u00fablicos.<\/p>\n<p><a href=\"http:\/\/gpjulioandrade.gob.ec\/carchi\/wp-content\/uploads\/2014\/10\/Gastos-e-Ingresos.rar\">Gastos e Ingresos<\/a><\/p>\n<p><strong>h) Auditorias Internas<\/strong><br \/>\nLos resultados de las auditorias internas y gubernamentales al ejercicio presupuestal.<\/p>\n<p><strong>i) Procesos de Contrataci\u00f3n<\/strong><br \/>\nInformaci\u00f3n completa y detallada sobre los procesos pree-contractuales, contractuales, de adjudicaci\u00f3n y liquidaci\u00f3n de bienes, prestaci\u00f3n de servicios, arrendamientos mercantiles, etc, celebrados por la instituci\u00f3n con personas naturales o jur\u00eddicas, incluidos concesiones permisos o autorizaciones.<\/p>\n<p><strong>j) Incumplimientos<\/strong><\/p>\n<p>Un listado de las empresas que han incumplido contratos con dicha instituci\u00f3n.<\/p>\n<p><a href=\"http:\/\/gpjulioandrade.gob.ec\/carchi\/wp-content\/uploads\/2014\/10\/k-Planes-y-Programas.rar\">k) Planes y Programas<\/a><\/p>\n<p><strong>l) Financiamiento Interno y Externo<\/strong><br \/>\nEl detalle de los contratos de cr\u00e9dito externos o internos; se se\u00f1alar\u00e1 la fuente de los fondos con los que se pagar\u00e1n esos cr\u00e9ditos. Cuando se trate de prestamos o \u00a0contratos de financiamiento, se har\u00e1 constar, como lo prev\u00e9 la Ley Org\u00e1nica de Administraci\u00f3n Financiera y Control, Ley Org\u00e1nica de Contralor\u00eda General del Estado y la Ley Org\u00e1nica de Responsabilidad y Transparencia Fiscal, las operaciones y contratos de Cr\u00e9dito, los montos, plazo, costos financieros o tipos de inter\u00e9s.<\/p>\n<p><a href=\"http:\/\/gpjulioandrade.gob.ec\/carchi\/wp-content\/uploads\/2014\/10\/m-Rendici-\u00a6n-de-Cuentas.rar\">m) Rendici\u00f3n de Cuentas<\/a><\/p>\n<p><a href=\"http:\/\/gpjulioandrade.gob.ec\/carchi\/wp-content\/uploads\/2014\/10\/PRESENTACI\u00d3N_DE_RENDICI\u00d3N_DE_CUENTAS-1_Autogu-ardado.pdf\">PRESENTACI\u00d3N_DE_RENDICI\u00d3N_DE_CUENTAS-1<\/a><\/p>\n<p><a href=\"http:\/\/gpjulioandrade.gob.ec\/carchi\/wp-content\/uploads\/2014\/10\/Fotos-Rendicion-de-Cuentas.rar\">Fotos Rendicion de Cuentas<\/a><\/p>\n<p><strong>n) Gesti\u00f3n Institucional<\/strong><br \/>\nLos vi\u00e1ticos, informes de trabajo y justificativos de movilizaci\u00f3n nacional o internacional \u00a0de las autoridades, dignatarios y funcionarios p\u00fablicos.<\/p>\n<p><a href=\"http:\/\/gpjulioandrade.gob.ec\/carchi\/wp-content\/uploads\/2014\/10\/o-Responsable-de-la-Informaci-\u00a6n.rar\">o) Responsable de la Informaci\u00f3n<\/a><\/p>\n<p><strong>s) Organismos Seccionales<\/strong><br \/>\n<a href=\"http:\/\/gpjulioandrade.gob.ec\/carchi\/wp-content\/uploads\/2014\/10\/ACTA-INAUGURAL-N\u00ba-1.pdf\">ACTA INAUGURAL N\u00ba 1<\/a><\/p>\n<p><a href=\"http:\/\/gpjulioandrade.gob.ec\/carchi\/wp-content\/uploads\/2014\/10\/ACTA-N\u00ba-2-GAD-PRJA-2014.pdf\">ACTA N\u00ba 2 GAD-PRJA 2014<\/a><\/p>\n<p><a href=\"http:\/\/gpjulioandrade.gob.ec\/carchi\/wp-content\/uploads\/2014\/10\/ACTA-N\u00ba3-GAD-PRJA-2014.pdf\">ACTA N\u00ba3 GAD-PRJA 2014<\/a><\/p>\n<p><a href=\"http:\/\/gpjulioandrade.gob.ec\/carchi\/wp-content\/uploads\/2014\/10\/ACTA-N\u00ba4-GAD-PRJA-2014.pdf\">ACTA N\u00ba4 GAD-PRJA 2014<\/a><\/p>\n<p><a href=\"http:\/\/gpjulioandrade.gob.ec\/carchi\/wp-content\/uploads\/2014\/10\/ACTA-N\u00ba5-GAD-PRJA-2014.pdf\">ACTA N\u00ba5 GAD-PRJA 2014<\/a><\/p>\n<p><a href=\"http:\/\/gpjulioandrade.gob.ec\/carchi\/wp-content\/uploads\/2014\/10\/ACTA-N\u00ba6-GAD-PRJA-2014.pdf\">ACTA N\u00ba6 GAD-PRJA 2014<\/a><\/p>\n<p><a href=\"http:\/\/gpjulioandrade.gob.ec\/carchi\/wp-content\/uploads\/2014\/10\/ACTA-N\u00ba7-GAD-PRJA-2014.pdf\">ACTA N\u00ba7 GAD-PRJA 2014<\/a><\/p>\n<p><a href=\"http:\/\/gpjulioandrade.gob.ec\/carchi\/wp-content\/uploads\/2014\/10\/ACTA-N\u00ba8-GAD-PRJA-2014.pdf\">ACTA N\u00ba8 GAD-PRJA 2014<\/a><\/p>\n<p><a href=\"http:\/\/gpjulioandrade.gob.ec\/carchi\/wp-content\/uploads\/2014\/10\/ACTA-N\u00ba9-GAD-PRJA-2014.pdf\">ACTA N\u00ba9 GAD-PRJA 2014<\/a><\/p>\n<p><a href=\"http:\/\/gpjulioandrade.gob.ec\/carchi\/wp-content\/uploads\/2014\/10\/ACTA-N\u00ba10-GAD-PRJA-2014.pdf\">ACTA N\u00ba10 GAD-PRJA 2014<\/a><\/p>\n<p><a href=\"http:\/\/gpjulioandrade.gob.ec\/carchi\/wp-content\/uploads\/2014\/10\/ACTA-N\u00ba11-GAD-PRJA-2014.pdf\">ACTA N\u00ba11 GAD-PRJA 2014<\/a><\/p>\n<p><a href=\"http:\/\/gpjulioandrade.gob.ec\/carchi\/wp-content\/uploads\/2014\/10\/ACTA-N\u00ba12-GAD-PRJA-2014.pdf\">ACTA N\u00ba12 GAD-PRJA 2014<\/a><\/p>\n<p><a href=\"http:\/\/gpjulioandrade.gob.ec\/carchi\/wp-content\/uploads\/2014\/10\/ACTA-N\u00ba-13-GAD-PRJA-2014.pdf\">ACTA N\u00ba 13 GAD-PRJA 2014<\/a><\/p>\n<p><a href=\"http:\/\/gpjulioandrade.gob.ec\/carchi\/wp-content\/uploads\/2014\/10\/ACTA-N\u00ba-14-GAD-PRJA-2014.pdf\">ACTA N\u00ba 14 GAD-PRJA 2014<\/a><\/p>\n<p><a href=\"http:\/\/gpjulioandrade.gob.ec\/carchi\/wp-content\/uploads\/2014\/10\/ACTA-N\u00ba-15-GAD-PRJA-2014.pdf\">ACTA N\u00ba 15 GAD-PRJA 2014<\/a><\/p>\n<p><a href=\"http:\/\/gpjulioandrade.gob.ec\/carchi\/wp-content\/uploads\/2014\/10\/CONSEJO-DE-PLANIFICACI\u00d3N-PARROQUIAL.rar\">CONSEJO DE PLANIFICACI\u00d3N PARROQUIAL<\/a><\/p>\n<p><a href=\"http:\/\/gpjulioandrade.gob.ec\/carchi\/wp-content\/uploads\/2014\/10\/SISTEMA-DE-PARTICIPACI\u00d3N-CIUDADANA.rar\">SISTEMA DE PARTICIPACI\u00d3N CIUDADANA<\/a><\/p>\n<\/div>\n","protected":false},"excerpt":{"rendered":"<p>Documentos 2014 Art. 7.- Difusi\u00f3n de la Informaci\u00f3n P\u00fablica.- Por la transparencia en la gesti\u00f3n administrativa que est\u00e1n obligadas a observar todas las instituciones del Estado que conforman el sector p\u00fablico en los t\u00e9rminos del art\u00edculo 118 de la Constituci\u00f3n Pol\u00edtica de la Rep\u00fablica y dem\u00e1s entes se\u00f1alados en el art\u00edculo 1 de la presente [&hellip;]<\/p>\n","protected":false},"author":6,"featured_media":0,"parent":0,"menu_order":0,"comment_status":"closed","ping_status":"closed","template":"","meta":{"footnotes":""},"class_list":["post-56","page","type-page","status-publish","hentry"],"yoast_head":"<!-- This site is optimized with the Yoast SEO plugin v27.3 - https:\/\/yoast.com\/product\/yoast-seo-wordpress\/ -->\n<title>Documentos 2014 - GAD Parroquial de Julio Andrade<\/title>\n<meta name=\"robots\" content=\"index, follow, max-snippet:-1, max-image-preview:large, max-video-preview:-1\" \/>\n<link rel=\"canonical\" href=\"https:\/\/gpjulioandrade.gob.ec\/carchi\/?page_id=56\" \/>\n<meta property=\"og:locale\" content=\"es_ES\" \/>\n<meta property=\"og:type\" content=\"article\" \/>\n<meta property=\"og:title\" content=\"Documentos 2014 - GAD Parroquial de Julio Andrade\" \/>\n<meta property=\"og:description\" content=\"Documentos 2014 Art. 7.- Difusi\u00f3n de la Informaci\u00f3n P\u00fablica.- Por la transparencia en la gesti\u00f3n administrativa que est\u00e1n obligadas a observar todas las instituciones del Estado que conforman el sector p\u00fablico en los t\u00e9rminos del art\u00edculo 118 de la Constituci\u00f3n Pol\u00edtica de la Rep\u00fablica y dem\u00e1s entes se\u00f1alados en el art\u00edculo 1 de la presente [&hellip;]\" \/>\n<meta property=\"og:url\" content=\"https:\/\/gpjulioandrade.gob.ec\/carchi\/?page_id=56\" \/>\n<meta property=\"og:site_name\" content=\"GAD Parroquial de Julio Andrade\" \/>\n<meta property=\"article:modified_time\" content=\"2015-03-30T23:13:40+00:00\" \/>\n<meta name=\"twitter:card\" content=\"summary_large_image\" \/>\n<meta name=\"twitter:label1\" content=\"Tiempo de lectura\" \/>\n\t<meta name=\"twitter:data1\" content=\"3 minutos\" \/>\n<script type=\"application\/ld+json\" class=\"yoast-schema-graph\">{\"@context\":\"https:\\\/\\\/schema.org\",\"@graph\":[{\"@type\":\"WebPage\",\"@id\":\"https:\\\/\\\/gpjulioandrade.gob.ec\\\/carchi\\\/?page_id=56\",\"url\":\"https:\\\/\\\/gpjulioandrade.gob.ec\\\/carchi\\\/?page_id=56\",\"name\":\"Documentos 2014 - GAD Parroquial de Julio Andrade\",\"isPartOf\":{\"@id\":\"https:\\\/\\\/gpjulioandrade.gob.ec\\\/carchi\\\/#website\"},\"datePublished\":\"2014-10-24T14:00:34+00:00\",\"dateModified\":\"2015-03-30T23:13:40+00:00\",\"breadcrumb\":{\"@id\":\"https:\\\/\\\/gpjulioandrade.gob.ec\\\/carchi\\\/?page_id=56#breadcrumb\"},\"inLanguage\":\"es\",\"potentialAction\":[{\"@type\":\"ReadAction\",\"target\":[\"https:\\\/\\\/gpjulioandrade.gob.ec\\\/carchi\\\/?page_id=56\"]}]},{\"@type\":\"BreadcrumbList\",\"@id\":\"https:\\\/\\\/gpjulioandrade.gob.ec\\\/carchi\\\/?page_id=56#breadcrumb\",\"itemListElement\":[{\"@type\":\"ListItem\",\"position\":1,\"name\":\"Home\",\"item\":\"https:\\\/\\\/gpjulioandrade.gob.ec\\\/carchi\\\/\"},{\"@type\":\"ListItem\",\"position\":2,\"name\":\"Documentos 2014\"}]},{\"@type\":\"WebSite\",\"@id\":\"https:\\\/\\\/gpjulioandrade.gob.ec\\\/carchi\\\/#website\",\"url\":\"https:\\\/\\\/gpjulioandrade.gob.ec\\\/carchi\\\/\",\"name\":\"GAD Parroquial de Julio Andrade\",\"description\":\"Sitio Oficial del GAD Parroquial Julio Andrade Carchi\",\"publisher\":{\"@id\":\"https:\\\/\\\/gpjulioandrade.gob.ec\\\/carchi\\\/#organization\"},\"potentialAction\":[{\"@type\":\"SearchAction\",\"target\":{\"@type\":\"EntryPoint\",\"urlTemplate\":\"https:\\\/\\\/gpjulioandrade.gob.ec\\\/carchi\\\/?s={search_term_string}\"},\"query-input\":{\"@type\":\"PropertyValueSpecification\",\"valueRequired\":true,\"valueName\":\"search_term_string\"}}],\"inLanguage\":\"es\"},{\"@type\":\"Organization\",\"@id\":\"https:\\\/\\\/gpjulioandrade.gob.ec\\\/carchi\\\/#organization\",\"name\":\"GAD Parroquial de Julio Andrade\",\"url\":\"https:\\\/\\\/gpjulioandrade.gob.ec\\\/carchi\\\/\",\"logo\":{\"@type\":\"ImageObject\",\"inLanguage\":\"es\",\"@id\":\"https:\\\/\\\/gpjulioandrade.gob.ec\\\/carchi\\\/#\\\/schema\\\/logo\\\/image\\\/\",\"url\":\"https:\\\/\\\/gpjulioandrade.gob.ec\\\/carchi\\\/wp-content\\\/uploads\\\/2020\\\/07\\\/logoFooterAncho.png\",\"contentUrl\":\"https:\\\/\\\/gpjulioandrade.gob.ec\\\/carchi\\\/wp-content\\\/uploads\\\/2020\\\/07\\\/logoFooterAncho.png\",\"width\":220,\"height\":70,\"caption\":\"GAD Parroquial de Julio Andrade\"},\"image\":{\"@id\":\"https:\\\/\\\/gpjulioandrade.gob.ec\\\/carchi\\\/#\\\/schema\\\/logo\\\/image\\\/\"}}]}<\/script>\n<!-- \/ Yoast SEO plugin. -->","yoast_head_json":{"title":"Documentos 2014 - GAD Parroquial de Julio Andrade","robots":{"index":"index","follow":"follow","max-snippet":"max-snippet:-1","max-image-preview":"max-image-preview:large","max-video-preview":"max-video-preview:-1"},"canonical":"https:\/\/gpjulioandrade.gob.ec\/carchi\/?page_id=56","og_locale":"es_ES","og_type":"article","og_title":"Documentos 2014 - GAD Parroquial de Julio Andrade","og_description":"Documentos 2014 Art. 7.- Difusi\u00f3n de la Informaci\u00f3n P\u00fablica.- Por la transparencia en la gesti\u00f3n administrativa que est\u00e1n obligadas a observar todas las instituciones del Estado que conforman el sector p\u00fablico en los t\u00e9rminos del art\u00edculo 118 de la Constituci\u00f3n Pol\u00edtica de la Rep\u00fablica y dem\u00e1s entes se\u00f1alados en el art\u00edculo 1 de la presente [&hellip;]","og_url":"https:\/\/gpjulioandrade.gob.ec\/carchi\/?page_id=56","og_site_name":"GAD Parroquial de Julio Andrade","article_modified_time":"2015-03-30T23:13:40+00:00","twitter_card":"summary_large_image","twitter_misc":{"Tiempo de lectura":"3 minutos"},"schema":{"@context":"https:\/\/schema.org","@graph":[{"@type":"WebPage","@id":"https:\/\/gpjulioandrade.gob.ec\/carchi\/?page_id=56","url":"https:\/\/gpjulioandrade.gob.ec\/carchi\/?page_id=56","name":"Documentos 2014 - GAD Parroquial de Julio Andrade","isPartOf":{"@id":"https:\/\/gpjulioandrade.gob.ec\/carchi\/#website"},"datePublished":"2014-10-24T14:00:34+00:00","dateModified":"2015-03-30T23:13:40+00:00","breadcrumb":{"@id":"https:\/\/gpjulioandrade.gob.ec\/carchi\/?page_id=56#breadcrumb"},"inLanguage":"es","potentialAction":[{"@type":"ReadAction","target":["https:\/\/gpjulioandrade.gob.ec\/carchi\/?page_id=56"]}]},{"@type":"BreadcrumbList","@id":"https:\/\/gpjulioandrade.gob.ec\/carchi\/?page_id=56#breadcrumb","itemListElement":[{"@type":"ListItem","position":1,"name":"Home","item":"https:\/\/gpjulioandrade.gob.ec\/carchi\/"},{"@type":"ListItem","position":2,"name":"Documentos 2014"}]},{"@type":"WebSite","@id":"https:\/\/gpjulioandrade.gob.ec\/carchi\/#website","url":"https:\/\/gpjulioandrade.gob.ec\/carchi\/","name":"GAD Parroquial de Julio Andrade","description":"Sitio Oficial del GAD Parroquial Julio Andrade Carchi","publisher":{"@id":"https:\/\/gpjulioandrade.gob.ec\/carchi\/#organization"},"potentialAction":[{"@type":"SearchAction","target":{"@type":"EntryPoint","urlTemplate":"https:\/\/gpjulioandrade.gob.ec\/carchi\/?s={search_term_string}"},"query-input":{"@type":"PropertyValueSpecification","valueRequired":true,"valueName":"search_term_string"}}],"inLanguage":"es"},{"@type":"Organization","@id":"https:\/\/gpjulioandrade.gob.ec\/carchi\/#organization","name":"GAD Parroquial de Julio Andrade","url":"https:\/\/gpjulioandrade.gob.ec\/carchi\/","logo":{"@type":"ImageObject","inLanguage":"es","@id":"https:\/\/gpjulioandrade.gob.ec\/carchi\/#\/schema\/logo\/image\/","url":"https:\/\/gpjulioandrade.gob.ec\/carchi\/wp-content\/uploads\/2020\/07\/logoFooterAncho.png","contentUrl":"https:\/\/gpjulioandrade.gob.ec\/carchi\/wp-content\/uploads\/2020\/07\/logoFooterAncho.png","width":220,"height":70,"caption":"GAD Parroquial de Julio Andrade"},"image":{"@id":"https:\/\/gpjulioandrade.gob.ec\/carchi\/#\/schema\/logo\/image\/"}}]}},"_links":{"self":[{"href":"https:\/\/gpjulioandrade.gob.ec\/carchi\/index.php?rest_route=\/wp\/v2\/pages\/56","targetHints":{"allow":["GET"]}}],"collection":[{"href":"https:\/\/gpjulioandrade.gob.ec\/carchi\/index.php?rest_route=\/wp\/v2\/pages"}],"about":[{"href":"https:\/\/gpjulioandrade.gob.ec\/carchi\/index.php?rest_route=\/wp\/v2\/types\/page"}],"author":[{"embeddable":true,"href":"https:\/\/gpjulioandrade.gob.ec\/carchi\/index.php?rest_route=\/wp\/v2\/users\/6"}],"replies":[{"embeddable":true,"href":"https:\/\/gpjulioandrade.gob.ec\/carchi\/index.php?rest_route=%2Fwp%2Fv2%2Fcomments&post=56"}],"version-history":[{"count":15,"href":"https:\/\/gpjulioandrade.gob.ec\/carchi\/index.php?rest_route=\/wp\/v2\/pages\/56\/revisions"}],"predecessor-version":[{"id":286,"href":"https:\/\/gpjulioandrade.gob.ec\/carchi\/index.php?rest_route=\/wp\/v2\/pages\/56\/revisions\/286"}],"wp:attachment":[{"href":"https:\/\/gpjulioandrade.gob.ec\/carchi\/index.php?rest_route=%2Fwp%2Fv2%2Fmedia&parent=56"}],"curies":[{"name":"wp","href":"https:\/\/api.w.org\/{rel}","templated":true}]}}